{"id":4958,"date":"2017-06-23T09:15:13","date_gmt":"2017-06-23T09:15:13","guid":{"rendered":"https:\/\/circalingua.com\/blog\/"},"modified":"2020-06-02T09:45:59","modified_gmt":"2020-06-02T08:45:59","slug":"blog","status":"publish","type":"page","link":"https:\/\/circalingua.com\/es\/blog\/","title":{"rendered":"Blog"},"content":{"rendered":"<div class=\"wpb-content-wrapper\"><p>[vc_row css=\u00bb.vc_custom_1532941456899{padding-top: 150px !important;padding-bottom: 50px !important;}\u00bb][vc_column width=\u00bb3\/4&#8243;]    <div class=\"blog-posts more-posts-wrapper\"> \n            <div class=\"row grid-masonry\">\n\t\t\t\t\t\t<div class=\"posts masonry-posts\">\n\t\t\t\t\t\t\t \t\t\t\t\t\t\t \t\t\t\t\t\t\t<div class=\"masonry-post post post-item col-xs-12 col-sm-6 col-md-6 col-lg-6 mo-blog-masonry-wrapper clearfix grid \">\n\t\t\t\t\t\t\t\t<article id=\"post-5530\" class=\"post-5530 post type-post status-publish format-standard has-post-thumbnail hentry category-sin-categorizar\">\n  <div class=\"grid-mid-post \" data-wow-delay=.20s>\n    <div class=\"format-post \">\n\t\n\t\t\t\t\t <figure>\n\t\t\t\t\t   <a href=\"https:\/\/circalingua.com\/es\/traduccion-de-marketing\/\"><img loading=\"lazy\" decoding=\"async\" width=\"380\" height=\"280\" src=\"https:\/\/i0.wp.com\/circalingua.com\/wp-content\/uploads\/2020\/06\/traduccio%CC%81n-de-marketing-scaled.jpg?resize=380%2C280&amp;ssl=1\" class=\"attachment-moga-small size-moga-small wp-post-image\" alt=\"traducci\u00f3n de marketing\" \/><\/a>\n\t\t\t\t\t <\/figure><div class=\"info-post\">\n\t\t\t\t\t\t<div class=\"date-post\">1 de junio de 2020<\/div>\n\t\t\t\t\t\t<h3 class=\"post-title\"><a href=\"https:\/\/circalingua.com\/es\/traduccion-de-marketing\/\"> Traducci\u00f3n de marketing: la forma m\u00e1s r\u00e1pida de aumentar el tr\u00e1fico de tu p\u00e1gina web<\/a><\/h3>\n\t\t\t\t\t\t<p>\u00bfTe ha ocurrido esto alguna vez? Te interesa un producto. Abres Google, introduces el nombre del producto, seleccionas el primer resultado<\/p><\/div>\t<\/div>\n   <\/div>\n<\/article>\t\t\t\t\t\t\t<\/div><!--post-->\n\t\t\t\t\t\t\t\t\t\t\t\t\t\t \t\t\t\t\t\t\t<div class=\"masonry-post post post-item col-xs-12 col-sm-6 col-md-6 col-lg-6 mo-blog-masonry-wrapper clearfix grid \">\n\t\t\t\t\t\t\t\t<article id=\"post-4161\" class=\"post-4161 post type-post status-publish format-standard hentry category-negocios\">\n  <div class=\"grid-mid-post \" data-wow-delay=.40s>\n    <div class=\"format-post \">\n\t<div class=\"info-post\">\n\t\t\t\t\t\t<div class=\"date-post\">27 de febrero de 2018<\/div>\n\t\t\t\t\t\t<h3 class=\"post-title\"><a href=\"https:\/\/circalingua.com\/es\/destreza-linguistica-en-negocios\/\"> 4 formas inteligentes de compensar la falta de destreza ling\u00fc\u00edstica en negocios<\/a><\/h3>\n\t\t\t\t\t\t<p>La globalizaci\u00f3n hace que cada vez los pa\u00edses est\u00e9n m\u00e1s unidos. Hoy en d\u00eda, se realizan muchas reuniones empresariales en l\u00ednea<\/p><\/div>\t<\/div>\n   <\/div>\n<\/article>\t\t\t\t\t\t\t<\/div><!--post-->\n\t\t\t\t\t\t\t\t\t\t\t\t\t\t \t\t\t\t\t\t\t<div class=\"masonry-post post post-item col-xs-12 col-sm-6 col-md-6 col-lg-6 mo-blog-masonry-wrapper clearfix grid \">\n\t\t\t\t\t\t\t\t<article id=\"post-4145\" class=\"post-4145 post type-post status-publish format-standard hentry category-events-es\">\n  <div class=\"grid-mid-post \" data-wow-delay=.60s>\n    <div class=\"format-post \">\n\t<div class=\"info-post\">\n\t\t\t\t\t\t<div class=\"date-post\">11 de octubre de 2017<\/div>\n\t\t\t\t\t\t<h3 class=\"post-title\"><a href=\"https:\/\/circalingua.com\/es\/preparate-mundo-laboral-flexibilidad-haz-tus-practicas-traduccion-e-interpretacion-distancia\/\"> Prep\u00e1rate para el mundo laboral con flexibilidad: haz tus pr\u00e1cticas de traducci\u00f3n e interpretaci\u00f3n a distancia<\/a><\/h3>\n\t\t\t\t\t\t<p>Tener flexibilidad a la hora de realizar unas pr\u00e1cticas es esencial si deseas invertir tiempo en tu formaci\u00f3n profesional con las<\/p><\/div>\t<\/div>\n   <\/div>\n<\/article>\t\t\t\t\t\t\t<\/div><!--post-->\n\t\t\t\t\t\t\t\t\t\t\t\t\t\t \t\t\t\t\t\t\t<div class=\"masonry-post post post-item col-xs-12 col-sm-6 col-md-6 col-lg-6 mo-blog-masonry-wrapper clearfix grid \">\n\t\t\t\t\t\t\t\t<article id=\"post-4095\" class=\"post-4095 post type-post status-publish format-standard has-post-thumbnail hentry category-events-es\">\n  <div class=\"grid-mid-post \" data-wow-delay=.80s>\n    <div class=\"format-post \">\n\t\n\t\t\t\t\t <figure>\n\t\t\t\t\t   <a href=\"https:\/\/circalingua.com\/es\/buscas-ofertas-de-practicas-de-traduccion\/\"><img loading=\"lazy\" decoding=\"async\" width=\"380\" height=\"280\" src=\"https:\/\/i0.wp.com\/circalingua.com\/wp-content\/uploads\/2017\/04\/ofertas-de-pra%CC%81cticas-de-traduccio%CC%81n.jpg?resize=380%2C280&amp;ssl=1\" class=\"attachment-moga-small size-moga-small wp-post-image\" alt=\"ofertas de pra\u0301cticas de traduccio\u0301n\" \/><\/a>\n\t\t\t\t\t <\/figure><div class=\"info-post\">\n\t\t\t\t\t\t<div class=\"date-post\">25 de abril de 2017<\/div>\n\t\t\t\t\t\t<h3 class=\"post-title\"><a href=\"https:\/\/circalingua.com\/es\/buscas-ofertas-de-practicas-de-traduccion\/\"> \u00bfBuscas ofertas de pr\u00e1cticas de traducci\u00f3n? Aqu\u00ed encontrar\u00e1s c\u00f3mo son con un aut\u00f3nomo<\/a><\/h3>\n\t\t\t\t\t\t<p>Muchos pueden pensar que ser aut\u00f3nomo significa trabajar por tu cuenta, solo en tu oficina. Especialmente cuando hablamos de traductores aut\u00f3nomos.<\/p><\/div>\t<\/div>\n   <\/div>\n<\/article>\t\t\t\t\t\t\t<\/div><!--post-->\n\t\t\t\t\t\t\t\t\t\t\t\t\t\t \t\t\t\t\t\t\t<div class=\"masonry-post post post-item col-xs-12 col-sm-6 col-md-6 col-lg-6 mo-blog-masonry-wrapper clearfix grid \">\n\t\t\t\t\t\t\t\t<article id=\"post-3987\" class=\"post-3987 post type-post status-publish format-standard hentry category-negocios\">\n  <div class=\"grid-mid-post \" data-wow-delay=.100s>\n    <div class=\"format-post \">\n\t<div class=\"info-post\">\n\t\t\t\t\t\t<div class=\"date-post\">9 de noviembre de 2016<\/div>\n\t\t\t\t\t\t<h3 class=\"post-title\"><a href=\"https:\/\/circalingua.com\/es\/como-persuadir-a-tus-clientes-de-que-te-contraten\/\"> C\u00f3mo persuadir a tus clientes de que te contraten antes que a tu competencia<\/a><\/h3>\n\t\t\t\t\t\t<p>Llevas ya unos cuantos d\u00edas\u00a0perfeccionando tu CV, quiz\u00e1s incluso semanas para persuadir a tus clientes de que te contraten. Has dise\u00f1ado<\/p><\/div>\t<\/div>\n   <\/div>\n<\/article>\t\t\t\t\t\t\t<\/div><!--post-->\n\t\t\t\t\t\t\t\t\t\t\t\t\t\t \t\t\t\t\t\t\t<div class=\"masonry-post post post-item col-xs-12 col-sm-6 col-md-6 col-lg-6 mo-blog-masonry-wrapper clearfix grid \">\n\t\t\t\t\t\t\t\t<article id=\"post-3932\" class=\"post-3932 post type-post status-publish format-standard hentry category-negocios\">\n  <div class=\"grid-mid-post \" data-wow-delay=.120s>\n    <div class=\"format-post \">\n\t<div class=\"info-post\">\n\t\t\t\t\t\t<div class=\"date-post\">19 de octubre de 2016<\/div>\n\t\t\t\t\t\t<h3 class=\"post-title\"><a href=\"https:\/\/circalingua.com\/es\/escribir-a-clientes-que-piensan-que-tus-tarifas-son-muy-altas-para-que-te-contraten\/\"> C\u00f3mo escribir a clientes que piensan que tus tarifas son muy altas para que te contraten de una vez por todas<\/a><\/h3>\n\t\t\t\t\t\t<p>Una de las preguntas que m\u00e1s me hacen mis compa\u00f1eros desde que empec\u00e9 a trabajar como aut\u00f3nomo es la siguiente:\u00a0\u00bfCu\u00e1nto deber\u00eda<\/p><\/div>\t<\/div>\n   <\/div>\n<\/article>\t\t\t\t\t\t\t<\/div><!--post-->\n\t\t\t\t\t\t\t\t\t\t\t\t\t\t \t\t\t\t\t\t\t<div class=\"masonry-post post post-item col-xs-12 col-sm-6 col-md-6 col-lg-6 mo-blog-masonry-wrapper clearfix grid \">\n\t\t\t\t\t\t\t\t<article id=\"post-3872\" class=\"post-3872 post type-post status-publish format-standard hentry category-events-es\">\n  <div class=\"grid-mid-post \" data-wow-delay=.140s>\n    <div class=\"format-post \">\n\t<div class=\"info-post\">\n\t\t\t\t\t\t<div class=\"date-post\">16 de septiembre de 2016<\/div>\n\t\t\t\t\t\t<h3 class=\"post-title\"><a href=\"https:\/\/circalingua.com\/es\/practicas-de-traduccion-e-interpretacion\/\"> Pr\u00e1cticas de traducci\u00f3n e interpretaci\u00f3n: c\u00f3mo es trabajar con un aut\u00f3nomo<\/a><\/h3>\n\t\t\t\t\t\t<p>(Puedes leer la entrada en ingl\u00e9s aqu\u00ed.) La vida del aut\u00f3nomo puede llegar a ser un tanto solitaria. Pero, \u00bfqu\u00e9 ocurre<\/p><\/div>\t<\/div>\n   <\/div>\n<\/article>\t\t\t\t\t\t\t<\/div><!--post-->\n\t\t\t\t\t\t\t\t\t\t\t\t\t\t \t\t\t\t\t\t\t<div class=\"masonry-post post post-item col-xs-12 col-sm-6 col-md-6 col-lg-6 mo-blog-masonry-wrapper clearfix grid \">\n\t\t\t\t\t\t\t\t<article id=\"post-2696\" class=\"post-2696 post type-post status-publish format-standard hentry category-sin-categorizar\">\n  <div class=\"grid-mid-post \" data-wow-delay=.160s>\n    <div class=\"format-post \">\n\t<div class=\"info-post\">\n\t\t\t\t\t\t<div class=\"date-post\">12 de enero de 2015<\/div>\n\t\t\t\t\t\t<h3 class=\"post-title\"><a href=\"https:\/\/circalingua.com\/es\/como-la-crisis-ayudo-ser-un-mejor-emprendedor\/\"> C\u00f3mo la crisis me ayud\u00f3 a ser un mejor emprendedor<\/a><\/h3>\n\t\t\t\t\t\t<p>Estaba hablando hoy con una amiga dise\u00f1adora, cuando se me ha ocurrido escribir esta entrada. Mi amiga me dec\u00eda que estaba<\/p><\/div>\t<\/div>\n   <\/div>\n<\/article>\t\t\t\t\t\t\t<\/div><!--post-->\n\t\t\t\t\t\t\t\t\t\t\t\t\t\t \t\t\t\t\t\t\t<div class=\"masonry-post post post-item col-xs-12 col-sm-6 col-md-6 col-lg-6 mo-blog-masonry-wrapper clearfix grid \">\n\t\t\t\t\t\t\t\t<article id=\"post-2677\" class=\"post-2677 post type-post status-publish format-standard hentry category-especial\">\n  <div class=\"grid-mid-post \" data-wow-delay=.180s>\n    <div class=\"format-post \">\n\t<div class=\"info-post\">\n\t\t\t\t\t\t<div class=\"date-post\">28 de diciembre de 2014<\/div>\n\t\t\t\t\t\t<h3 class=\"post-title\"><a href=\"https:\/\/circalingua.com\/es\/10-propositos-para-traductores-en-2015\/\"> 10 prop\u00f3sitos para traductores en 2015<\/a><\/h3>\n\t\t\t\t\t\t<p>Ya podemos ver c\u00f3mo el 2015 se asoma, por lo que es el momento ideal para pensar qu\u00e9 podemos mejorar como<\/p><\/div>\t<\/div>\n   <\/div>\n<\/article>\t\t\t\t\t\t\t<\/div><!--post-->\n\t\t\t\t\t\t\t\t\t\t\t\t\t\t \t\t\t\t\t\t\t<div class=\"masonry-post post post-item col-xs-12 col-sm-6 col-md-6 col-lg-6 mo-blog-masonry-wrapper clearfix grid \">\n\t\t\t\t\t\t\t\t<article id=\"post-2667\" class=\"post-2667 post type-post status-publish format-standard hentry category-preguntas\">\n  <div class=\"grid-mid-post \" data-wow-delay=.200s>\n    <div class=\"format-post \">\n\t<div class=\"info-post\">\n\t\t\t\t\t\t<div class=\"date-post\">18 de diciembre de 2014<\/div>\n\t\t\t\t\t\t<h3 class=\"post-title\"><a href=\"https:\/\/circalingua.com\/es\/preguntas-y-respuestas-los-comienzos-de-un-taductor\/\"> Preguntas y respuestas: los comienzos de un traductor.<\/a><\/h3>\n\t\t\t\t\t\t<p>Desde que comenc\u00e9 a trabajar como traductor e int\u00e9rprete jurado aut\u00f3nomo, me han llegado una avalancha de correos electr\u00f3nicos por parte<\/p><\/div>\t<\/div>\n   <\/div>\n<\/article>\t\t\t\t\t\t\t<\/div><!--post-->\n\t\t\t\t\t\t\t                        <\/div>\n\t\t      <div class=\"clearfix\"><\/div>\n\t\t\t<nav class=\"mo-pagination mo-pagination-numeric\"><span aria-label=\"P\u00e1gina 1\" aria-current=\"page\" class=\"page-numbers current\">1<\/span>\n<a aria-label=\"P\u00e1gina 2\" class=\"page-numbers\" href=\"https:\/\/circalingua.com\/es\/wp-json\/wp\/v2\/pages\/4958\/page\/2\/\">2<\/a>\n<a class=\"next page-numbers\" href=\"https:\/\/circalingua.com\/es\/wp-json\/wp\/v2\/pages\/4958\/page\/2\/\"><i class=\"fa fa-long-arrow-right\"><\/i><\/a><\/nav>           <\/div><!-- end row grid-masonry  -->\n         <\/div><!-- end  more-posts-wrapper -->\n       [\/vc_column][vc_column width=\u00bb1\/4&#8243;][vc_widget_sidebar sidebar_id=\u00bbmoga-main-sidebar\u00bb][\/vc_column][\/vc_row]<\/p>\n<\/div>","protected":false},"excerpt":{"rendered":"<p>[vc_row css=\u00bb.vc_custom_1532941456899{padding-top: 150px !important;padding-bottom: 50px !important;}\u00bb][vc_column width=\u00bb3\/4&#8243;][\/vc_column][vc_column width=\u00bb1\/4&#8243;][vc_widget_sidebar sidebar_id=\u00bbmoga-main-sidebar\u00bb][\/vc_column][\/vc_row]<\/p>\n","protected":false},"author":3,"featured_media":0,"parent":0,"menu_order":0,"comment_status":"closed","ping_status":"closed","template":"","meta":{"jetpack_post_was_ever_published":false,"footnotes":""},"class_list":["post-4958","page","type-page","status-publish","hentry"],"yoast_head":"<!-- This site is optimized with the Yoast SEO plugin v27.2 - https:\/\/yoast.com\/product\/yoast-seo-wordpress\/ -->\n<title>Blog &#8226; Circa Lingua | Translation &amp; Copywriting<\/title>\n<meta name=\"robots\" content=\"index, follow, max-snippet:-1, max-image-preview:large, max-video-preview:-1\" \/>\n<link rel=\"canonical\" href=\"https:\/\/circalingua.com\/es\/blog\/\" \/>\n<meta property=\"og:locale\" content=\"es_ES\" \/>\n<meta property=\"og:type\" content=\"article\" \/>\n<meta property=\"og:title\" content=\"Blog &#8226; Circa Lingua | Translation &amp; Copywriting\" \/>\n<meta property=\"og:description\" content=\"[vc_row css=\u00bb.vc_custom_1532941456899{padding-top: 150px !important;padding-bottom: 50px !important;}\u00bb][vc_column width=\u00bb3\/4&#8243;][\/vc_column][vc_column width=\u00bb1\/4&#8243;][vc_widget_sidebar sidebar_id=\u00bbmoga-main-sidebar\u00bb][\/vc_column][\/vc_row]\" \/>\n<meta property=\"og:url\" content=\"https:\/\/circalingua.com\/es\/blog\/\" \/>\n<meta property=\"og:site_name\" content=\"Circa Lingua | Translation &amp; Copywriting\" \/>\n<meta property=\"article:publisher\" content=\"https:\/\/www.facebook.com\/translationcircalingua\" \/>\n<meta property=\"article:modified_time\" content=\"2020-06-02T08:45:59+00:00\" \/>\n<meta name=\"twitter:card\" content=\"summary_large_image\" \/>\n<meta name=\"twitter:site\" content=\"@dmiralles_cl\" \/>\n<script type=\"application\/ld+json\" class=\"yoast-schema-graph\">{\"@context\":\"https:\/\/schema.org\",\"@graph\":[{\"@type\":\"WebPage\",\"@id\":\"https:\/\/circalingua.com\/es\/blog\/\",\"url\":\"https:\/\/circalingua.com\/es\/blog\/\",\"name\":\"Blog &#8226; Circa Lingua | Translation &amp; Copywriting\",\"isPartOf\":{\"@id\":\"https:\/\/circalingua.com\/#website\"},\"datePublished\":\"2017-06-23T09:15:13+00:00\",\"dateModified\":\"2020-06-02T08:45:59+00:00\",\"breadcrumb\":{\"@id\":\"https:\/\/circalingua.com\/es\/blog\/#breadcrumb\"},\"inLanguage\":\"es\",\"potentialAction\":[{\"@type\":\"ReadAction\",\"target\":[\"https:\/\/circalingua.com\/es\/blog\/\"]}]},{\"@type\":\"BreadcrumbList\",\"@id\":\"https:\/\/circalingua.com\/es\/blog\/#breadcrumb\",\"itemListElement\":[{\"@type\":\"ListItem\",\"position\":1,\"name\":\"Home\",\"item\":\"https:\/\/circalingua.com\/es\/\"},{\"@type\":\"ListItem\",\"position\":2,\"name\":\"Blog\"}]},{\"@type\":\"WebSite\",\"@id\":\"https:\/\/circalingua.com\/#website\",\"url\":\"https:\/\/circalingua.com\/\",\"name\":\"Circa Lingua | Translation, Copywriting\",\"description\":\"Communication strategies for businesses\",\"publisher\":{\"@id\":\"https:\/\/circalingua.com\/#organization\"},\"potentialAction\":[{\"@type\":\"SearchAction\",\"target\":{\"@type\":\"EntryPoint\",\"urlTemplate\":\"https:\/\/circalingua.com\/?s={search_term_string}\"},\"query-input\":{\"@type\":\"PropertyValueSpecification\",\"valueRequired\":true,\"valueName\":\"search_term_string\"}}],\"inLanguage\":\"es\"},{\"@type\":\"Organization\",\"@id\":\"https:\/\/circalingua.com\/#organization\",\"name\":\"Circa Lingua\",\"url\":\"https:\/\/circalingua.com\/\",\"logo\":{\"@type\":\"ImageObject\",\"inLanguage\":\"es\",\"@id\":\"https:\/\/circalingua.com\/#\/schema\/logo\/image\/\",\"url\":\"https:\/\/i1.wp.com\/circalingua.com\/wp-content\/uploads\/2018\/04\/cl-logo-1.png?fit=1054%2C390&ssl=1\",\"contentUrl\":\"https:\/\/i1.wp.com\/circalingua.com\/wp-content\/uploads\/2018\/04\/cl-logo-1.png?fit=1054%2C390&ssl=1\",\"width\":1054,\"height\":390,\"caption\":\"Circa Lingua\"},\"image\":{\"@id\":\"https:\/\/circalingua.com\/#\/schema\/logo\/image\/\"},\"sameAs\":[\"https:\/\/www.facebook.com\/translationcircalingua\",\"https:\/\/x.com\/dmiralles_cl\",\"https:\/\/www.linkedin.com\/in\/dmirallesperez\"]}]}<\/script>\n<!-- \/ Yoast SEO plugin. -->","yoast_head_json":{"title":"Blog &#8226; Circa Lingua | Translation &amp; Copywriting","robots":{"index":"index","follow":"follow","max-snippet":"max-snippet:-1","max-image-preview":"max-image-preview:large","max-video-preview":"max-video-preview:-1"},"canonical":"https:\/\/circalingua.com\/es\/blog\/","og_locale":"es_ES","og_type":"article","og_title":"Blog &#8226; Circa Lingua | Translation &amp; Copywriting","og_description":"[vc_row css=\u00bb.vc_custom_1532941456899{padding-top: 150px !important;padding-bottom: 50px !important;}\u00bb][vc_column width=\u00bb3\/4&#8243;][\/vc_column][vc_column width=\u00bb1\/4&#8243;][vc_widget_sidebar sidebar_id=\u00bbmoga-main-sidebar\u00bb][\/vc_column][\/vc_row]","og_url":"https:\/\/circalingua.com\/es\/blog\/","og_site_name":"Circa Lingua | Translation &amp; Copywriting","article_publisher":"https:\/\/www.facebook.com\/translationcircalingua","article_modified_time":"2020-06-02T08:45:59+00:00","twitter_card":"summary_large_image","twitter_site":"@dmiralles_cl","schema":{"@context":"https:\/\/schema.org","@graph":[{"@type":"WebPage","@id":"https:\/\/circalingua.com\/es\/blog\/","url":"https:\/\/circalingua.com\/es\/blog\/","name":"Blog &#8226; Circa Lingua | Translation &amp; Copywriting","isPartOf":{"@id":"https:\/\/circalingua.com\/#website"},"datePublished":"2017-06-23T09:15:13+00:00","dateModified":"2020-06-02T08:45:59+00:00","breadcrumb":{"@id":"https:\/\/circalingua.com\/es\/blog\/#breadcrumb"},"inLanguage":"es","potentialAction":[{"@type":"ReadAction","target":["https:\/\/circalingua.com\/es\/blog\/"]}]},{"@type":"BreadcrumbList","@id":"https:\/\/circalingua.com\/es\/blog\/#breadcrumb","itemListElement":[{"@type":"ListItem","position":1,"name":"Home","item":"https:\/\/circalingua.com\/es\/"},{"@type":"ListItem","position":2,"name":"Blog"}]},{"@type":"WebSite","@id":"https:\/\/circalingua.com\/#website","url":"https:\/\/circalingua.com\/","name":"Circa Lingua | Translation, Copywriting","description":"Communication strategies for businesses","publisher":{"@id":"https:\/\/circalingua.com\/#organization"},"potentialAction":[{"@type":"SearchAction","target":{"@type":"EntryPoint","urlTemplate":"https:\/\/circalingua.com\/?s={search_term_string}"},"query-input":{"@type":"PropertyValueSpecification","valueRequired":true,"valueName":"search_term_string"}}],"inLanguage":"es"},{"@type":"Organization","@id":"https:\/\/circalingua.com\/#organization","name":"Circa Lingua","url":"https:\/\/circalingua.com\/","logo":{"@type":"ImageObject","inLanguage":"es","@id":"https:\/\/circalingua.com\/#\/schema\/logo\/image\/","url":"https:\/\/i1.wp.com\/circalingua.com\/wp-content\/uploads\/2018\/04\/cl-logo-1.png?fit=1054%2C390&ssl=1","contentUrl":"https:\/\/i1.wp.com\/circalingua.com\/wp-content\/uploads\/2018\/04\/cl-logo-1.png?fit=1054%2C390&ssl=1","width":1054,"height":390,"caption":"Circa Lingua"},"image":{"@id":"https:\/\/circalingua.com\/#\/schema\/logo\/image\/"},"sameAs":["https:\/\/www.facebook.com\/translationcircalingua","https:\/\/x.com\/dmiralles_cl","https:\/\/www.linkedin.com\/in\/dmirallesperez"]}]}},"jetpack_shortlink":"https:\/\/wp.me\/P5MRvZ-1hY","jetpack-related-posts":[],"jetpack_likes_enabled":true,"jetpack_sharing_enabled":true,"_links":{"self":[{"href":"https:\/\/circalingua.com\/es\/wp-json\/wp\/v2\/pages\/4958","targetHints":{"allow":["GET"]}}],"collection":[{"href":"https:\/\/circalingua.com\/es\/wp-json\/wp\/v2\/pages"}],"about":[{"href":"https:\/\/circalingua.com\/es\/wp-json\/wp\/v2\/types\/page"}],"author":[{"embeddable":true,"href":"https:\/\/circalingua.com\/es\/wp-json\/wp\/v2\/users\/3"}],"replies":[{"embeddable":true,"href":"https:\/\/circalingua.com\/es\/wp-json\/wp\/v2\/comments?post=4958"}],"version-history":[{"count":1,"href":"https:\/\/circalingua.com\/es\/wp-json\/wp\/v2\/pages\/4958\/revisions"}],"predecessor-version":[{"id":5544,"href":"https:\/\/circalingua.com\/es\/wp-json\/wp\/v2\/pages\/4958\/revisions\/5544"}],"wp:attachment":[{"href":"https:\/\/circalingua.com\/es\/wp-json\/wp\/v2\/media?parent=4958"}],"curies":[{"name":"wp","href":"https:\/\/api.w.org\/{rel}","templated":true}]}}