{"id":4959,"date":"2017-06-23T09:18:28","date_gmt":"2017-06-23T09:18:28","guid":{"rendered":"https:\/\/circalingua.com\/contact\/"},"modified":"2018-08-15T17:51:43","modified_gmt":"2018-08-15T16:51:43","slug":"contacto","status":"publish","type":"page","link":"https:\/\/circalingua.com\/es\/contacto\/","title":{"rendered":"CONTACTO"},"content":{"rendered":"<div class=\"wpb-content-wrapper\"><p>[vc_row el_class=\u00bbbg-size bg-title-dark \u00bb css=\u00bb.vc_custom_1531733389374{padding-top: 80px !important;}\u00bb][vc_column css=\u00bb.vc_custom_1496339670544{padding-top: 60px !important;padding-bottom: 60px !important;}\u00bb][vc_row_inner equal_height=\u00bbyes\u00bb content_placement=\u00bbmiddle\u00bb][vc_column_inner width=\u00bb1\/2&#8243;][vc_single_image image=\u00bb4790&#8243; img_size=\u00bbfull\u00bb alignment=\u00bbcenter\u00bb][\/vc_column_inner][vc_column_inner width=\u00bb1\/2&#8243;]      <div class=\"moga_heading-style2 text-center \" data-wow-delay=\"0.1s\"><h3>\u00bfEn qu\u00e9 te puedo ayudar?<\/h3><h5>Resolver\u00e9 todas tus dudas sobre c\u00f3mo utilizar estrategias comunicativas para atraer nuevos clientes, vender m\u00e1s y expandir tu negocio a nuevos mercados.<\/h5>\t\t\n\t\t  <span class=\"double-line\">\n\t\t  <svg xmlns=\"http:\/\/www.w3.org\/2000\/svg\" width=\"153\" height=\"18\">\n\t\t  <g fill=\"none\" fill-rule=\"evenodd\" stroke-width=\"3\" stroke-linecap=\"round\">\n\t\t\t <path d=\"M2 7C66.07 1.222 103.07.452 150 4.69\" style=\"stroke-dashoffset: 0px; stroke-dasharray: 140px;\"><\/path>\n\t\t\t <path d=\"M18 16c68.554-5.778 90.22-6.548 106-2.31\" style=\"stroke-dashoffset: 0px; stroke-dasharray: 140px;\"><\/path>\n\t\t  <\/g><\/svg>\n\t\t  <\/span>                    \n    <\/div>\n    [\/vc_column_inner][\/vc_row_inner][\/vc_column][\/vc_row][vc_row gap=\u00bb20&#8243; el_class=\u00bbbg-size bg-title-dark \u00bb css=\u00bb.vc_custom_1534351899758{padding-top: 0px !important;padding-bottom: 70px !important;}\u00bb][vc_column width=\u00bb1\/2&#8243; css=\u00bb.vc_custom_1528906307523{padding-top: 10px !important;padding-bottom: 60px !important;}\u00bb][vc_row_inner gap=\u00bb20&#8243;][vc_column_inner][vc_column_text]Espero que toda la informaci\u00f3n que has encontrado en esta p\u00e1gina web te haya abierto los ojos sobre la importancia de utilizar la comunicaci\u00f3n como una estrategia empresarial en tu negocio.[\/vc_column_text]\t <div class=\"lists\">\n\t\t<div class=\"list-inner\">\n\t\t\t<div class=\"list-content list  \">\n\t\t\t\t\t\t\t\t\t<ul class=\"list-style list-style1\" style=\"font-size: 16pxpx; line-height: 16pxpx; color: #111111\">\n\t\t\t\t    \t\t\t\t\t\t\t<li><b>\u00bfQuieres contarme m\u00e1s sobre tu proyecto o pedir un presupuesto sin ning\u00fan compromiso?<\/b> Soy todo o\u00eddos. Rellena el formulario con toda la informaci\u00f3n que quieras contarme y me pondr\u00e9 en contacto contigo en un plazo m\u00e1ximo de 48 horas.<\/li>\n\t\t\t\t\t  \t\t\t\t\t\t\t<li><b>\u00bfTe ha surgido alguna duda leyendo la p\u00e1gina?<\/b> Preg\u00fantame todo lo que necesites. Estar\u00e9 encantado de poder ayudar.<\/li>\n\t\t\t\t\t  \t\t\t\t\t<\/ul>\n\t\t\t\t\t\t\t<\/div>\n\t\t<\/div>\n\t<\/div>   \n    [vc_empty_space height=\u00bb30px\u00bb][vc_column_text]Si prefieres escribirme directamente, puedes hacerlo en la siguiente direcci\u00f3n de correo electr\u00f3nico: <a href=\"mailto:info@circalingua.com\">info@circalingua.com<\/a>[\/vc_column_text][\/vc_column_inner][\/vc_row_inner][\/vc_column][vc_column width=\u00bb1\/2&#8243; css=\u00bb.vc_custom_1528906319494{padding-top: 10px !important;}\u00bb][vc_row_inner][vc_column_inner]\n<div class=\"wpcf7 no-js\" id=\"wpcf7-f5000-o1\" lang=\"en-GB\" dir=\"ltr\" data-wpcf7-id=\"5000\">\n<div class=\"screen-reader-response\"><p role=\"status\" aria-live=\"polite\" aria-atomic=\"true\"><\/p> <ul><\/ul><\/div>\n<form action=\"\/es\/wp-json\/wp\/v2\/pages\/4959#wpcf7-f5000-o1\" method=\"post\" class=\"wpcf7-form init\" aria-label=\"Contact form\" enctype=\"multipart\/form-data\" novalidate=\"novalidate\" data-status=\"init\">\n<fieldset class=\"hidden-fields-container\"><input type=\"hidden\" name=\"_wpcf7\" value=\"5000\" \/><input type=\"hidden\" name=\"_wpcf7_version\" value=\"6.1.5\" \/><input type=\"hidden\" name=\"_wpcf7_locale\" value=\"en_GB\" \/><input type=\"hidden\" name=\"_wpcf7_unit_tag\" value=\"wpcf7-f5000-o1\" \/><input type=\"hidden\" name=\"_wpcf7_container_post\" value=\"0\" \/><input type=\"hidden\" name=\"_wpcf7_posted_data_hash\" value=\"\" \/><input type=\"hidden\" name=\"_wpcf7_recaptcha_response\" value=\"\" \/>\n<\/fieldset>\n<div class=\"row\">\n\t<div class=\"col-sm-6 input\">\n\t\t<p><span class=\"wpcf7-form-control-wrap\" data-name=\"your-name\"><input size=\"40\" maxlength=\"400\" class=\"wpcf7-form-control wpcf7-text wpcf7-validates-as-required input_field_line\" aria-required=\"true\" aria-invalid=\"false\" placeholder=\"Nombre*\" value=\"\" type=\"text\" name=\"your-name\" \/><\/span>\n\t\t<\/p>\n\t<\/div>\n\t<div class=\"col-sm-6 input\">\n\t\t<p><span class=\"wpcf7-form-control-wrap\" data-name=\"your-email\"><input size=\"40\" maxlength=\"400\" class=\"wpcf7-form-control wpcf7-email wpcf7-validates-as-required wpcf7-text wpcf7-validates-as-email input_field_line\" aria-required=\"true\" aria-invalid=\"false\" placeholder=\"Correo electr\u00f3nico*\" value=\"\" type=\"email\" name=\"your-email\" \/><\/span>\n\t\t<\/p>\n\t<\/div>\n<\/div>\n<div class=\"row\">\n\t<div class=\"col-sm-6 input\">\n\t\t<p><span class=\"wpcf7-form-control-wrap\" data-name=\"your-subject\"><input size=\"40\" maxlength=\"400\" class=\"wpcf7-form-control wpcf7-text input_field_line\" aria-invalid=\"false\" placeholder=\"Asunto\" value=\"\" type=\"text\" name=\"your-subject\" \/><\/span>\n\t\t<\/p>\n\t<\/div>\n\t<div class=\"col-sm-6 input\">\n\t\t<p><span class=\"wpcf7-form-control-wrap\" data-name=\"your-phone\"><input size=\"40\" maxlength=\"400\" class=\"wpcf7-form-control wpcf7-text input_field_line\" aria-invalid=\"false\" placeholder=\"Tel\u00e9fono\" value=\"\" type=\"text\" name=\"your-phone\" \/><\/span>\n\t\t<\/p>\n\t<\/div>\n<\/div>\n<div class=\"row\">\n\t<div class=\"col-sm-12 input\">\n\t\t<p><span class=\"wpcf7-form-control-wrap\" data-name=\"your-message\"><textarea cols=\"40\" rows=\"4\" maxlength=\"2000\" class=\"wpcf7-form-control wpcf7-textarea input_field_line\" id=\"your-message\" aria-invalid=\"false\" placeholder=\"Mensaje\" name=\"your-message\"><\/textarea><\/span>\n\t\t<\/p>\n\t<\/div>\n<\/div>\n<div class=\"row\">\n\t<div class=\"col-sm-12 input\" style=\"font-size:12px;line-height: 16px;\">\n\t\t<p>Adjuntar un archivo:\n\t\t<\/p>\n\t\t<p><span class=\"wpcf7-form-control-wrap\" data-name=\"file-409\"><input size=\"40\" class=\"wpcf7-form-control wpcf7-file\" accept=\"audio\/*,video\/*,image\/*\" aria-invalid=\"false\" type=\"file\" name=\"file-409\" \/><\/span>\n\t\t<\/p>\n\t<\/div>\n<\/div>\n<div class=\"row\">\n\t<div class=\"col-sm-12 input\" style=\"font-size:12px;\">\n\t\t<p><span class=\"wpcf7-form-control-wrap\" data-name=\"checkbox-382\"><span class=\"wpcf7-form-control wpcf7-checkbox wpcf7-validates-as-required\"><span class=\"wpcf7-list-item first last\"><label><input type=\"checkbox\" name=\"checkbox-382[]\" value=\"\" \/><span class=\"wpcf7-list-item-label\"><\/span><\/label><\/span><\/span><\/span>He le\u00eddo y acepto la <a style=\"color: #4f92c6;\" href=\"https:\/\/circalingua.com\/privacy\/\">pol\u00edtica de privacidad<\/a>.\n\t\t<\/p>\n\t<\/div>\n<\/div>\n<div class=\"row\">\n\t<div class=\"col-sm-12\">\n\t\t<p><input class=\"wpcf7-form-control wpcf7-submit has-spinner button primary outline\" type=\"submit\" value=\"ENVIAR\" \/>\n\t\t<\/p>\n\t<\/div>\n<\/div><div class=\"wpcf7-response-output\" aria-hidden=\"true\"><\/div>\n<\/form>\n<\/div>\n[\/vc_column_inner][\/vc_row_inner][\/vc_column][\/vc_row]<\/p>\n<\/div>","protected":false},"excerpt":{"rendered":"<p>[vc_row el_class=\u00bbbg-size bg-title-dark \u00bb css=\u00bb.vc_custom_1531733389374{padding-top: 80px !important;}\u00bb][vc_column css=\u00bb.vc_custom_1496339670544{padding-top: 60px !important;padding-bottom: 60px !important;}\u00bb][vc_row_inner equal_height=\u00bbyes\u00bb content_placement=\u00bbmiddle\u00bb][vc_column_inner width=\u00bb1\/2&#8243;][vc_single_image image=\u00bb4790&#8243; img_size=\u00bbfull\u00bb alignment=\u00bbcenter\u00bb][\/vc_column_inner][vc_column_inner width=\u00bb1\/2&#8243;][\/vc_column_inner][\/vc_row_inner][\/vc_column][\/vc_row][vc_row gap=\u00bb20&#8243; el_class=\u00bbbg-size bg-title-dark \u00bb css=\u00bb.vc_custom_1534351899758{padding-top: 0px !important;padding-bottom: 70px !important;}\u00bb][vc_column width=\u00bb1\/2&#8243; css=\u00bb.vc_custom_1528906307523{padding-top: 10px !important;padding-bottom: 60px !important;}\u00bb][vc_row_inner gap=\u00bb20&#8243;][vc_column_inner][vc_column_text]Espero que toda la informaci\u00f3n que has encontrado en esta p\u00e1gina web te haya abierto los ojos sobre la importancia de [&hellip;]<\/p>\n","protected":false},"author":3,"featured_media":0,"parent":0,"menu_order":0,"comment_status":"closed","ping_status":"closed","template":"","meta":{"jetpack_post_was_ever_published":false,"footnotes":""},"class_list":["post-4959","page","type-page","status-publish","hentry"],"yoast_head":"<!-- This site is optimized with the Yoast SEO plugin v27.2 - https:\/\/yoast.com\/product\/yoast-seo-wordpress\/ -->\n<title>CONTACTO &#8226; Circa Lingua | Translation &amp; Copywriting<\/title>\n<meta name=\"robots\" content=\"index, follow, max-snippet:-1, max-image-preview:large, max-video-preview:-1\" \/>\n<link rel=\"canonical\" href=\"https:\/\/circalingua.com\/es\/contacto\/\" \/>\n<meta property=\"og:locale\" content=\"es_ES\" \/>\n<meta property=\"og:type\" content=\"article\" \/>\n<meta property=\"og:title\" content=\"CONTACTO &#8226; Circa Lingua | Translation &amp; Copywriting\" \/>\n<meta property=\"og:description\" content=\"[vc_row el_class=\u00bbbg-size bg-title-dark \u00bb css=\u00bb.vc_custom_1531733389374{padding-top: 80px !important;}\u00bb][vc_column css=\u00bb.vc_custom_1496339670544{padding-top: 60px !important;padding-bottom: 60px !important;}\u00bb][vc_row_inner equal_height=\u00bbyes\u00bb content_placement=\u00bbmiddle\u00bb][vc_column_inner width=\u00bb1\/2&#8243;][vc_single_image image=\u00bb4790&#8243; img_size=\u00bbfull\u00bb alignment=\u00bbcenter\u00bb][\/vc_column_inner][vc_column_inner width=\u00bb1\/2&#8243;][\/vc_column_inner][\/vc_row_inner][\/vc_column][\/vc_row][vc_row gap=\u00bb20&#8243; el_class=\u00bbbg-size bg-title-dark \u00bb css=\u00bb.vc_custom_1534351899758{padding-top: 0px !important;padding-bottom: 70px !important;}\u00bb][vc_column width=\u00bb1\/2&#8243; css=\u00bb.vc_custom_1528906307523{padding-top: 10px !important;padding-bottom: 60px !important;}\u00bb][vc_row_inner gap=\u00bb20&#8243;][vc_column_inner][vc_column_text]Espero que toda la informaci\u00f3n que has encontrado en esta p\u00e1gina web te haya abierto los ojos sobre la importancia de [&hellip;]\" \/>\n<meta property=\"og:url\" content=\"https:\/\/circalingua.com\/es\/contacto\/\" \/>\n<meta property=\"og:site_name\" content=\"Circa Lingua | Translation &amp; Copywriting\" \/>\n<meta property=\"article:publisher\" content=\"https:\/\/www.facebook.com\/translationcircalingua\" \/>\n<meta property=\"article:modified_time\" content=\"2018-08-15T16:51:43+00:00\" \/>\n<meta name=\"twitter:card\" content=\"summary_large_image\" \/>\n<meta name=\"twitter:site\" content=\"@dmiralles_cl\" \/>\n<meta name=\"twitter:label1\" content=\"Tiempo de lectura\" \/>\n\t<meta name=\"twitter:data1\" content=\"2 minutos\" \/>\n<script type=\"application\/ld+json\" class=\"yoast-schema-graph\">{\"@context\":\"https:\/\/schema.org\",\"@graph\":[{\"@type\":\"WebPage\",\"@id\":\"https:\/\/circalingua.com\/es\/contacto\/\",\"url\":\"https:\/\/circalingua.com\/es\/contacto\/\",\"name\":\"CONTACTO &#8226; Circa Lingua | Translation &amp; Copywriting\",\"isPartOf\":{\"@id\":\"https:\/\/circalingua.com\/#website\"},\"datePublished\":\"2017-06-23T09:18:28+00:00\",\"dateModified\":\"2018-08-15T16:51:43+00:00\",\"breadcrumb\":{\"@id\":\"https:\/\/circalingua.com\/es\/contacto\/#breadcrumb\"},\"inLanguage\":\"es\",\"potentialAction\":[{\"@type\":\"ReadAction\",\"target\":[\"https:\/\/circalingua.com\/es\/contacto\/\"]}]},{\"@type\":\"BreadcrumbList\",\"@id\":\"https:\/\/circalingua.com\/es\/contacto\/#breadcrumb\",\"itemListElement\":[{\"@type\":\"ListItem\",\"position\":1,\"name\":\"Home\",\"item\":\"https:\/\/circalingua.com\/es\/\"},{\"@type\":\"ListItem\",\"position\":2,\"name\":\"CONTACTO\"}]},{\"@type\":\"WebSite\",\"@id\":\"https:\/\/circalingua.com\/#website\",\"url\":\"https:\/\/circalingua.com\/\",\"name\":\"Circa Lingua | Translation, Copywriting\",\"description\":\"Communication strategies for businesses\",\"publisher\":{\"@id\":\"https:\/\/circalingua.com\/#organization\"},\"potentialAction\":[{\"@type\":\"SearchAction\",\"target\":{\"@type\":\"EntryPoint\",\"urlTemplate\":\"https:\/\/circalingua.com\/?s={search_term_string}\"},\"query-input\":{\"@type\":\"PropertyValueSpecification\",\"valueRequired\":true,\"valueName\":\"search_term_string\"}}],\"inLanguage\":\"es\"},{\"@type\":\"Organization\",\"@id\":\"https:\/\/circalingua.com\/#organization\",\"name\":\"Circa Lingua\",\"url\":\"https:\/\/circalingua.com\/\",\"logo\":{\"@type\":\"ImageObject\",\"inLanguage\":\"es\",\"@id\":\"https:\/\/circalingua.com\/#\/schema\/logo\/image\/\",\"url\":\"https:\/\/i1.wp.com\/circalingua.com\/wp-content\/uploads\/2018\/04\/cl-logo-1.png?fit=1054%2C390&ssl=1\",\"contentUrl\":\"https:\/\/i1.wp.com\/circalingua.com\/wp-content\/uploads\/2018\/04\/cl-logo-1.png?fit=1054%2C390&ssl=1\",\"width\":1054,\"height\":390,\"caption\":\"Circa Lingua\"},\"image\":{\"@id\":\"https:\/\/circalingua.com\/#\/schema\/logo\/image\/\"},\"sameAs\":[\"https:\/\/www.facebook.com\/translationcircalingua\",\"https:\/\/x.com\/dmiralles_cl\",\"https:\/\/www.linkedin.com\/in\/dmirallesperez\"]}]}<\/script>\n<!-- \/ Yoast SEO plugin. -->","yoast_head_json":{"title":"CONTACTO &#8226; Circa Lingua | Translation &amp; Copywriting","robots":{"index":"index","follow":"follow","max-snippet":"max-snippet:-1","max-image-preview":"max-image-preview:large","max-video-preview":"max-video-preview:-1"},"canonical":"https:\/\/circalingua.com\/es\/contacto\/","og_locale":"es_ES","og_type":"article","og_title":"CONTACTO &#8226; Circa Lingua | Translation &amp; Copywriting","og_description":"[vc_row el_class=\u00bbbg-size bg-title-dark \u00bb css=\u00bb.vc_custom_1531733389374{padding-top: 80px !important;}\u00bb][vc_column css=\u00bb.vc_custom_1496339670544{padding-top: 60px !important;padding-bottom: 60px !important;}\u00bb][vc_row_inner equal_height=\u00bbyes\u00bb content_placement=\u00bbmiddle\u00bb][vc_column_inner width=\u00bb1\/2&#8243;][vc_single_image image=\u00bb4790&#8243; img_size=\u00bbfull\u00bb alignment=\u00bbcenter\u00bb][\/vc_column_inner][vc_column_inner width=\u00bb1\/2&#8243;][\/vc_column_inner][\/vc_row_inner][\/vc_column][\/vc_row][vc_row gap=\u00bb20&#8243; el_class=\u00bbbg-size bg-title-dark \u00bb css=\u00bb.vc_custom_1534351899758{padding-top: 0px !important;padding-bottom: 70px !important;}\u00bb][vc_column width=\u00bb1\/2&#8243; css=\u00bb.vc_custom_1528906307523{padding-top: 10px !important;padding-bottom: 60px !important;}\u00bb][vc_row_inner gap=\u00bb20&#8243;][vc_column_inner][vc_column_text]Espero que toda la informaci\u00f3n que has encontrado en esta p\u00e1gina web te haya abierto los ojos sobre la importancia de [&hellip;]","og_url":"https:\/\/circalingua.com\/es\/contacto\/","og_site_name":"Circa Lingua | Translation &amp; Copywriting","article_publisher":"https:\/\/www.facebook.com\/translationcircalingua","article_modified_time":"2018-08-15T16:51:43+00:00","twitter_card":"summary_large_image","twitter_site":"@dmiralles_cl","twitter_misc":{"Tiempo de lectura":"2 minutos"},"schema":{"@context":"https:\/\/schema.org","@graph":[{"@type":"WebPage","@id":"https:\/\/circalingua.com\/es\/contacto\/","url":"https:\/\/circalingua.com\/es\/contacto\/","name":"CONTACTO &#8226; Circa Lingua | Translation &amp; Copywriting","isPartOf":{"@id":"https:\/\/circalingua.com\/#website"},"datePublished":"2017-06-23T09:18:28+00:00","dateModified":"2018-08-15T16:51:43+00:00","breadcrumb":{"@id":"https:\/\/circalingua.com\/es\/contacto\/#breadcrumb"},"inLanguage":"es","potentialAction":[{"@type":"ReadAction","target":["https:\/\/circalingua.com\/es\/contacto\/"]}]},{"@type":"BreadcrumbList","@id":"https:\/\/circalingua.com\/es\/contacto\/#breadcrumb","itemListElement":[{"@type":"ListItem","position":1,"name":"Home","item":"https:\/\/circalingua.com\/es\/"},{"@type":"ListItem","position":2,"name":"CONTACTO"}]},{"@type":"WebSite","@id":"https:\/\/circalingua.com\/#website","url":"https:\/\/circalingua.com\/","name":"Circa Lingua | Translation, Copywriting","description":"Communication strategies for businesses","publisher":{"@id":"https:\/\/circalingua.com\/#organization"},"potentialAction":[{"@type":"SearchAction","target":{"@type":"EntryPoint","urlTemplate":"https:\/\/circalingua.com\/?s={search_term_string}"},"query-input":{"@type":"PropertyValueSpecification","valueRequired":true,"valueName":"search_term_string"}}],"inLanguage":"es"},{"@type":"Organization","@id":"https:\/\/circalingua.com\/#organization","name":"Circa Lingua","url":"https:\/\/circalingua.com\/","logo":{"@type":"ImageObject","inLanguage":"es","@id":"https:\/\/circalingua.com\/#\/schema\/logo\/image\/","url":"https:\/\/i1.wp.com\/circalingua.com\/wp-content\/uploads\/2018\/04\/cl-logo-1.png?fit=1054%2C390&ssl=1","contentUrl":"https:\/\/i1.wp.com\/circalingua.com\/wp-content\/uploads\/2018\/04\/cl-logo-1.png?fit=1054%2C390&ssl=1","width":1054,"height":390,"caption":"Circa Lingua"},"image":{"@id":"https:\/\/circalingua.com\/#\/schema\/logo\/image\/"},"sameAs":["https:\/\/www.facebook.com\/translationcircalingua","https:\/\/x.com\/dmiralles_cl","https:\/\/www.linkedin.com\/in\/dmirallesperez"]}]}},"jetpack_shortlink":"https:\/\/wp.me\/P5MRvZ-1hZ","jetpack-related-posts":[{"id":4956,"url":"https:\/\/circalingua.com\/es\/","url_meta":{"origin":4959,"position":0},"title":"INICIO","author":"Circa Lingua","date":"23 de junio de 2017","format":false,"excerpt":"[vc_row full_width=\"stretch_row_content_no_spaces\" css=\".vc_custom_1495738640766{margin-bottom: 0px !important;}\"][vc_column css=\".vc_custom_1495738623177{margin-bottom: 0px !important;}\"][rev_slider_vc alias=\"home-es\"][\/vc_column][\/vc_row][vc_row css=\".vc_custom_1506547320928{margin-top: -140px !important;}\"][vc_column css_animation=\"none\" el_class=\"container-border\"][vc_row_inner el_class=\"bg-gradient border-radius white_txt\" css=\".vc_custom_1513948423086{padding-top: 60px !important;padding-right: 30px !important;padding-bottom: 60px !important;padding-left: 30px !important;}\"][vc_column_inner][vc_column_text] tu negocio podr\u00eda captar la atenci\u00f3n de m\u00e1s clientes y mejorar tu reputaci\u00f3n tanto a nivel local como a nivel internacional. Aprende a utilizar\u2026","rel":"","context":"Entrada similar","block_context":{"text":"Entrada similar","link":""},"img":{"alt_text":"","src":"","width":0,"height":0},"classes":[]},{"id":4968,"url":"https:\/\/circalingua.com\/es\/traduccion\/","url_meta":{"origin":4959,"position":1},"title":"Traducci\u00f3n","author":"Circa Lingua","date":"23 de junio de 2017","format":false,"excerpt":"[vc_row equal_height=\"yes\" content_placement=\"middle\" css=\".vc_custom_1528901283288{padding-top: 140px !important;padding-bottom: 40px !important;background-position: center !important;background-repeat: no-repeat !important;background-size: contain !important;}\"][vc_column][vc_column_text] El valor de tus productos y servicios se expresa a trav\u00e9s de tus textos corporativos. Y, para que estos textos funcionen, hay que tener en cuenta tres factores: que est\u00e9n escritos en el idioma de tu\u2026","rel":"","context":"Entrada similar","block_context":{"text":"Entrada similar","link":""},"img":{"alt_text":"","src":"","width":0,"height":0},"classes":[]},{"id":4957,"url":"https:\/\/circalingua.com\/es\/sobre-mi\/","url_meta":{"origin":4959,"position":2},"title":"SOBRE M\u00cd","author":"Circa Lingua","date":"23 de junio de 2017","format":false,"excerpt":"[vc_row full_width=\"stretch_row\" parallax=\"content-moving\" parallax_image=\"4131\" css=\".vc_custom_1528901026880{padding-top: 140px !important;padding-bottom: 40px !important;background-color: #f7f7f7 !important;}\" el_class=\"bg-size\"][vc_column width=\"1\/2\"][vc_empty_space height=\"24px\"][vc_single_image image=\"4757\" img_size=\"full\" alignment=\"center\"][\/vc_column][vc_column width=\"1\/2\"][vc_column_text el_class=\"sm-media-txt\"] Con esa idea en mente naci\u00f3 Circa Lingua. La comunicaci\u00f3n no tiene por qu\u00e9 ser un obst\u00e1culo a la hora de hacer negocios, sino una estrategia. Y solo los negocios que\u2026","rel":"","context":"Entrada similar","block_context":{"text":"Entrada similar","link":""},"img":{"alt_text":"","src":"","width":0,"height":0},"classes":[]},{"id":4962,"url":"https:\/\/circalingua.com\/es\/copywriting\/","url_meta":{"origin":4959,"position":3},"title":"Copywriting","author":"Circa Lingua","date":"26 de abril de 2018","format":false,"excerpt":"[vc_row equal_height=\"yes\" content_placement=\"middle\" css=\".vc_custom_1528901502315{padding-top: 140px !important;padding-bottom: 40px !important;background-position: center !important;background-repeat: no-repeat !important;background-size: contain !important;}\"][vc_column][vc_column_text] \u00bfQu\u00e9 es el copywriting? Si todav\u00eda no conoces lo que es el copywriting, est\u00e1s a punto de descubrir el arma m\u00e1s poderosa de tu negocio. El copywriting es una t\u00e9cnica de escritura persuasiva enfocada a guiar\u2026","rel":"","context":"Entrada similar","block_context":{"text":"Entrada similar","link":""},"img":{"alt_text":"","src":"","width":0,"height":0},"classes":[]},{"id":4965,"url":"https:\/\/circalingua.com\/es\/localizacion\/","url_meta":{"origin":4959,"position":4},"title":"Localizaci\u00f3n","author":"Circa Lingua","date":"26 de abril de 2018","format":false,"excerpt":"[vc_row equal_height=\"yes\" content_placement=\"middle\" css=\".vc_custom_1528901689867{padding-top: 140px !important;padding-bottom: 40px !important;background-position: center !important;background-repeat: no-repeat !important;background-size: contain !important;}\"][vc_column][vc_column_text] Pero, \u00bfqu\u00e9 es exactamente la localizaci\u00f3n de textos? Cuando traducimos textos, nos centramos en convertir un texto con unos objetivos en un texto que suene natural y cumpla con los mismos objetivos en otro idioma. Sin\u2026","rel":"","context":"Entrada similar","block_context":{"text":"Entrada similar","link":""},"img":{"alt_text":"","src":"","width":0,"height":0},"classes":[]},{"id":4963,"url":"https:\/\/circalingua.com\/es\/trabaja-conmigo\/","url_meta":{"origin":4959,"position":5},"title":"TRABAJA CONMIGO","author":"Circa Lingua","date":"26 de abril de 2018","format":false,"excerpt":"[vc_row full_width=\"stretch_row\" equal_height=\"yes\" content_placement=\"middle\" css=\".vc_custom_1528901833753{padding-top: 140px !important;padding-bottom: 40px !important;background-color: #f7f7f7 !important;background-position: center !important;background-repeat: no-repeat !important;background-size: contain !important;}\"][vc_column][\/vc_column][\/vc_row][vc_row full_width=\"stretch_row\" equal_height=\"yes\" content_placement=\"middle\" css=\".vc_custom_1528901841177{padding-top: 40px !important;padding-bottom: 40px !important;background-position: center !important;background-repeat: no-repeat !important;background-size: contain !important;}\"][vc_column width=\"1\/2\"][vc_empty_space height=\"24px\"][vc_single_image image=\"4943\" img_size=\"full\" alignment=\"center\" css_animation=\"fadeInLeft\"][\/vc_column][vc_column width=\"1\/2\"][vc_column_text]Si algo que de verdad quiero que te lleves de esta p\u00e1gina web:\u2026","rel":"","context":"Entrada similar","block_context":{"text":"Entrada similar","link":""},"img":{"alt_text":"","src":"","width":0,"height":0},"classes":[]}],"jetpack_likes_enabled":true,"jetpack_sharing_enabled":true,"_links":{"self":[{"href":"https:\/\/circalingua.com\/es\/wp-json\/wp\/v2\/pages\/4959","targetHints":{"allow":["GET"]}}],"collection":[{"href":"https:\/\/circalingua.com\/es\/wp-json\/wp\/v2\/pages"}],"about":[{"href":"https:\/\/circalingua.com\/es\/wp-json\/wp\/v2\/types\/page"}],"author":[{"embeddable":true,"href":"https:\/\/circalingua.com\/es\/wp-json\/wp\/v2\/users\/3"}],"replies":[{"embeddable":true,"href":"https:\/\/circalingua.com\/es\/wp-json\/wp\/v2\/comments?post=4959"}],"version-history":[{"count":0,"href":"https:\/\/circalingua.com\/es\/wp-json\/wp\/v2\/pages\/4959\/revisions"}],"wp:attachment":[{"href":"https:\/\/circalingua.com\/es\/wp-json\/wp\/v2\/media?parent=4959"}],"curies":[{"name":"wp","href":"https:\/\/api.w.org\/{rel}","templated":true}]}}